{"id":7378,"date":"2013-04-05T17:05:24","date_gmt":"2013-04-05T17:05:24","guid":{"rendered":"https:\/\/park-raum.de\/?page_id=7378"},"modified":"2022-04-05T14:19:16","modified_gmt":"2022-04-05T14:19:16","slug":"about-us","status":"publish","type":"page","link":"https:\/\/park-raum.de\/en\/about-us\/","title":{"rendered":"About Us"},"content":{"rendered":"<div class=\"wpb-content-wrapper\"><p>[vc_row row_height_percent=&#8221;0&#8243; override_padding=&#8221;yes&#8221; h_padding=&#8221;2&#8243; top_padding=&#8221;5&#8243; bottom_padding=&#8221;2&#8243; overlay_alpha=&#8221;50&#8243; gutter_size=&#8221;3&#8243; column_width_percent=&#8221;100&#8243; shift_y=&#8221;0&#8243; z_index=&#8221;0&#8243; uncode_shortcode_id=&#8221;744631&#8243;][vc_column column_width_use_pixel=&#8221;yes&#8221; gutter_size=&#8221;3&#8243; overlay_alpha=&#8221;50&#8243; shift_x=&#8221;0&#8243; shift_y=&#8221;0&#8243; shift_y_down=&#8221;0&#8243; z_index=&#8221;0&#8243; medium_width=&#8221;0&#8243; mobile_width=&#8221;0&#8243; width=&#8221;1\/1&#8243; uncode_shortcode_id=&#8221;534742&#8243; column_width_pixel=&#8221;800&#8243;][vc_column_text text_lead=&#8221;yes&#8221; uncode_shortcode_id=&#8221;306269&#8243;]PARKRAUM is the leading architecture and interior design company with high competence for the Health Market.<\/p>\n<p>We create the structure for diverse orthopedic companies and design medical supply shops with retail accessories.<br \/>\nWe help transform companies with creative retail design strategies that maximize income generation.<\/p>\n<p>We bring together different kinds of skills and have been successfully working with many independent partners for years.\u00a0Our success lies in our powerful networking.<\/p>\n<p>[\/vc_column_text][vc_custom_heading text_color=&#8221;accent&#8221; heading_semantic=&#8221;h6&#8243; text_size=&#8221;h6&#8243; text_transform=&#8221;uppercase&#8221; uncode_shortcode_id=&#8221;704876&#8243; text_color_type=&#8221;uncode-palette&#8221;]Vertrauen und Kompetenz sind die Grundlagen des Erfolgs[\/vc_custom_heading][vc_custom_heading uncode_shortcode_id=&#8221;113262&#8243;]LERNEN SIE UNS KENNEN[\/vc_custom_heading][vc_single_image media=&#8221;4897&#8243; media_width_percent=&#8221;100&#8243; uncode_shortcode_id=&#8221;195313&#8243;][vc_custom_heading text_size=&#8221;h3&#8243; sub_lead=&#8221;yes&#8221; sub_reduced=&#8221;yes&#8221; uncode_shortcode_id=&#8221;954807&#8243; subheading=&#8221;Dipl. Ing. Interior Designer &amp; Interior Architect&#8221;]Elke Park[\/vc_custom_heading][vc_column_text text_lead=&#8221;yes&#8221; uncode_shortcode_id=&#8221;236858&#8243;]Elke Park is the founding partner of PARKRAUM, a leading Architecture and Interior design company with high competence in the Health Market.<br \/>\nAs one of the foremost experts in the health and retail industry, she carries 25 years of experience working as an Interior Designer and Interior Architect. She has an educational background in interior design, architecture, and construction engineering.<br \/>\nShe gained her first experience with retail stores working on drafts for the company \u201cBreuninger&#8221;. For several years she assisted at \u201cHochschule f\u00fcr Technik Stuttgart\u201d (University of Technology) for the study course of Interior Design. After setting up her own office and team PARKRAUM, she now integrates retail and health concepts. Her creative, innovative, and open-minded approach allows her to efficiently work on new projects. As an academician, she imparts her knowledge and experience to university students at the \u201cAkademie Handel in Munich\u201d.<\/p>\n<p><strong>In a nutshell<\/strong><\/p>\n<ul>\n<li>Lecturer at the \u201cAkademie Handel in Munich\u201d (College of Commerce)<\/li>\n<li>Member of the \u201cArbeitskreis der Leipziger Messe\u201c (working team of the Leipzig Fair, world&#8217;s most important fair of the health industry: OTWorld)<\/li>\n<li>Author of various articles in professional journals<\/li>\n<li>Facilitator for workshops on built strategies for healthcare industry business<\/li>\n<li>Mentor for guiding and leading several student projects such as OTWorld: Pop- Up project with the \u201cFachschule f\u00fcr Farbe und Gestaltung Stuttgart\u201d (Professional school for color and design Stuttgart)<\/li>\n<li>Conducted many seminars and presentations on topics like \u201croom outfit\u201d and \u201cinnovative medical supply retail stores\u201d<\/li>\n<\/ul>\n<p>[\/vc_column_text][\/vc_column][\/vc_row][vc_row][vc_column column_width_percent=&#8221;100&#8243; position_vertical=&#8221;middle&#8221; align_horizontal=&#8221;align_center&#8221; gutter_size=&#8221;2&#8243; overlay_alpha=&#8221;50&#8243; shift_x=&#8221;0&#8243; shift_y=&#8221;0&#8243; shift_y_down=&#8221;0&#8243; z_index=&#8221;0&#8243; medium_width=&#8221;0&#8243; mobile_width=&#8221;0&#8243; width=&#8221;1\/1&#8243; uncode_shortcode_id=&#8221;497794&#8243;][vc_custom_heading text_size=&#8221;h3&#8243; uncode_shortcode_id=&#8221;171092&#8243;]WIR BRINGEN VERSCHIEDENE KOMPETENZEN AN DEN TISCH[\/vc_custom_heading][vc_column_text text_lead=&#8221;yes&#8221; uncode_shortcode_id=&#8221;162975&#8243;]Seit Jahren arbeiten wir erfolgreich mit vielen unabh\u00e4ngigen Partnern zusammen.[\/vc_column_text][\/vc_column][\/vc_row][vc_row unlock_row_content=&#8221;yes&#8221; row_height_percent=&#8221;0&#8243; override_padding=&#8221;yes&#8221; h_padding=&#8221;5&#8243; top_padding=&#8221;2&#8243; bottom_padding=&#8221;5&#8243; overlay_alpha=&#8221;50&#8243; gutter_size=&#8221;4&#8243; column_width_percent=&#8221;100&#8243; shift_y=&#8221;0&#8243; z_index=&#8221;0&#8243; uncode_shortcode_id=&#8221;774408&#8243;][vc_column width=&#8221;1\/1&#8243;][vc_row_inner row_inner_height_percent=&#8221;0&#8243; overlay_alpha=&#8221;50&#8243; equal_height=&#8221;yes&#8221; gutter_size=&#8221;1&#8243; shift_y=&#8221;0&#8243; z_index=&#8221;0&#8243; uncode_shortcode_id=&#8221;648104&#8243;][vc_column_inner column_width_percent=&#8221;100&#8243; gutter_size=&#8221;3&#8243; style=&#8221;dark&#8221; back_color=&#8221;color-170404&#8243; overlay_alpha=&#8221;50&#8243; shift_x=&#8221;0&#8243; shift_y=&#8221;0&#8243; shift_y_down=&#8221;0&#8243; z_index=&#8221;0&#8243; medium_width=&#8221;0&#8243; mobile_width=&#8221;0&#8243; width=&#8221;1\/4&#8243; uncode_shortcode_id=&#8221;408327&#8243; back_color_type=&#8221;uncode-palette&#8221;][vc_custom_heading text_size=&#8221;h3&#8243; uncode_shortcode_id=&#8221;223958&#8243;]Valuable contacts[\/vc_custom_heading][vc_column_text text_lead=&#8221;yes&#8221; uncode_shortcode_id=&#8221;190622&#8243;]We constantly update ourselves with the trends in the health industry along with university students in order to shape tomorrow\u2019s trends today.[\/vc_column_text][\/vc_column_inner][vc_column_inner column_width_percent=&#8221;100&#8243; gutter_size=&#8221;3&#8243; style=&#8221;dark&#8221; back_color=&#8221;color-170404&#8243; overlay_alpha=&#8221;50&#8243; shift_x=&#8221;0&#8243; shift_y=&#8221;0&#8243; shift_y_down=&#8221;0&#8243; z_index=&#8221;0&#8243; medium_width=&#8221;0&#8243; mobile_width=&#8221;0&#8243; width=&#8221;1\/4&#8243; uncode_shortcode_id=&#8221;168037&#8243; back_color_type=&#8221;uncode-palette&#8221;][vc_custom_heading text_size=&#8221;h3&#8243; uncode_shortcode_id=&#8221;107200&#8243;]Our partners are[\/vc_custom_heading][vc_column_text text_lead=&#8221;yes&#8221; uncode_shortcode_id=&#8221;167541&#8243;]<\/p>\n<ul>\n<li>People who make a difference<\/li>\n<li>People who stay<\/li>\n<li>People with whom you grow and develop yourself<\/li>\n<\/ul>\n<p>[\/vc_column_text][\/vc_column_inner][vc_column_inner column_width_percent=&#8221;100&#8243; gutter_size=&#8221;3&#8243; style=&#8221;dark&#8221; back_color=&#8221;color-170404&#8243; overlay_alpha=&#8221;50&#8243; shift_x=&#8221;0&#8243; shift_y=&#8221;0&#8243; shift_y_down=&#8221;0&#8243; z_index=&#8221;0&#8243; medium_width=&#8221;0&#8243; mobile_width=&#8221;0&#8243; width=&#8221;1\/4&#8243; uncode_shortcode_id=&#8221;548336&#8243; back_color_type=&#8221;uncode-palette&#8221;][vc_custom_heading text_size=&#8221;h3&#8243; uncode_shortcode_id=&#8221;239235&#8243;]Our values[\/vc_custom_heading][vc_column_text text_lead=&#8221;yes&#8221; uncode_shortcode_id=&#8221;824347&#8243;]<\/p>\n<ul>\n<li>Mutual respect<\/li>\n<li>Collaboration &amp; Partnership<\/li>\n<li>Resilience<\/li>\n<\/ul>\n<p>[\/vc_column_text][\/vc_column_inner][vc_column_inner column_width_percent=&#8221;100&#8243; gutter_size=&#8221;3&#8243; style=&#8221;dark&#8221; back_color=&#8221;color-170404&#8243; overlay_alpha=&#8221;50&#8243; shift_x=&#8221;0&#8243; shift_y=&#8221;0&#8243; shift_y_down=&#8221;0&#8243; z_index=&#8221;0&#8243; medium_width=&#8221;0&#8243; mobile_width=&#8221;0&#8243; width=&#8221;1\/4&#8243; uncode_shortcode_id=&#8221;179747&#8243; back_color_type=&#8221;uncode-palette&#8221;][vc_column_text text_lead=&#8221;yes&#8221; uncode_shortcode_id=&#8221;483643&#8243;]We are the bridge between the craftsmen and private companies, helping everyone who&#8217;s involved in the construction business.<\/p>\n<p>In order to get the best possible outcome, we include the aspect of craft from the beginning of the project.[\/vc_column_text][\/vc_column_inner][\/vc_row_inner][\/vc_column][\/vc_row][vc_row row_height_percent=&#8221;0&#8243; override_padding=&#8221;yes&#8221; h_padding=&#8221;2&#8243; top_padding=&#8221;5&#8243; bottom_padding=&#8221;5&#8243; back_color=&#8221;accent&#8221; overlay_alpha=&#8221;50&#8243; gutter_size=&#8221;3&#8243; column_width_percent=&#8221;100&#8243; shift_y=&#8221;0&#8243; z_index=&#8221;0&#8243; uncode_shortcode_id=&#8221;727356&#8243; back_color_type=&#8221;uncode-palette&#8221;][vc_column column_width_percent=&#8221;100&#8243; align_horizontal=&#8221;align_center&#8221; gutter_size=&#8221;0&#8243; style=&#8221;dark&#8221; overlay_alpha=&#8221;50&#8243; shift_x=&#8221;0&#8243; shift_y=&#8221;0&#8243; shift_y_down=&#8221;0&#8243; z_index=&#8221;0&#8243; medium_width=&#8221;0&#8243; mobile_width=&#8221;0&#8243; width=&#8221;1\/1&#8243; uncode_shortcode_id=&#8221;137776&#8243;][vc_custom_heading uncode_shortcode_id=&#8221;610408&#8243;]WAS ANDERE \u00dcBER UNS SAGEN[\/vc_custom_heading][vc_empty_space empty_h=&#8221;2&#8243;][vc_row_inner row_inner_height_percent=&#8221;0&#8243; overlay_alpha=&#8221;50&#8243; equal_height=&#8221;yes&#8221; gutter_size=&#8221;0&#8243; shift_y=&#8221;0&#8243; z_index=&#8221;0&#8243; uncode_shortcode_id=&#8221;115366&#8243;][vc_column_inner column_width_percent=&#8221;100&#8243; gutter_size=&#8221;2&#8243; override_padding=&#8221;yes&#8221; column_padding=&#8221;3&#8243; style=&#8221;dark&#8221; overlay_alpha=&#8221;50&#8243; border_color=&#8221;color-xsdn&#8221; border_style=&#8221;dashed&#8221; shift_x=&#8221;0&#8243; shift_y=&#8221;0&#8243; shift_y_down=&#8221;0&#8243; z_index=&#8221;0&#8243; medium_width=&#8221;0&#8243; mobile_width=&#8221;0&#8243; width=&#8221;1\/2&#8243; uncode_shortcode_id=&#8221;119607&#8243; css=&#8221;.vc_custom_1648826745910{border-right-width: 1px !important;border-bottom-width: 1px !important;}&#8221; border_color_type=&#8221;uncode-palette&#8221;][vc_column_text text_lead=&#8221;yes&#8221; uncode_shortcode_id=&#8221;224917&#8243;]Wir haben mittlerweile 3 Projekte mit PARKRAUM realisiert. Die Planung ist durchdacht, detailliert und ablauforientiert. Die Umsetzung erfolgt nachhaltig und in konsequenter Abstimmung mit den Handwerkern. Die Projekte wurden termingerecht fertig gestellt und die Budgets eingehalten. Wir sind einfach begeistert von den Ergebnissen!<\/p>\n<p><em>Manuela Wurster<\/em><br \/>\n<em><small>\u2014 Sanit\u00e4tshaus Wurster GmbH \u00b7 Freudenstadt<\/small><\/em><\/p>\n<p>[\/vc_column_text][\/vc_column_inner][vc_column_inner column_width_percent=&#8221;100&#8243; gutter_size=&#8221;3&#8243; override_padding=&#8221;yes&#8221; column_padding=&#8221;3&#8243; style=&#8221;dark&#8221; overlay_alpha=&#8221;50&#8243; border_color=&#8221;color-xsdn&#8221; border_style=&#8221;dashed&#8221; shift_x=&#8221;0&#8243; shift_y=&#8221;0&#8243; shift_y_down=&#8221;0&#8243; z_index=&#8221;0&#8243; medium_width=&#8221;0&#8243; mobile_width=&#8221;0&#8243; width=&#8221;1\/2&#8243; uncode_shortcode_id=&#8221;146714&#8243; css=&#8221;.vc_custom_1648826990574{border-bottom-width: 1px !important;}&#8221; border_color_type=&#8221;uncode-palette&#8221;][vc_column_text text_lead=&#8221;yes&#8221; uncode_shortcode_id=&#8221;161611&#8243;]Die Ideen bei der Neugestaltung unserer Filialen waren modern und kreativ. Deshalb arbeite ich sehr gerne mit PARKRAUM zusammen. Die optimale Organisation der Gewerke hat uns au\u00dferdem in der Vergangenheit sehr beeindruckt. Zuk\u00fcnftige Projekte werden wir sicher wieder mit Frau Park in Angriff nehmen.<\/p>\n<p><em>Klaus Hemmann<\/em><br \/>\n<em><small>\u2014 Hemmann Orthop\u00e4die-Technik GmbH \u00b7 Bad Rappenau<\/small><\/em><\/p>\n<p>[\/vc_column_text][\/vc_column_inner][\/vc_row_inner][vc_row_inner row_inner_height_percent=&#8221;0&#8243; overlay_alpha=&#8221;50&#8243; gutter_size=&#8221;0&#8243; shift_y=&#8221;0&#8243; z_index=&#8221;0&#8243; uncode_shortcode_id=&#8221;822373&#8243;][vc_column_inner column_width_percent=&#8221;100&#8243; gutter_size=&#8221;3&#8243; override_padding=&#8221;yes&#8221; column_padding=&#8221;3&#8243; style=&#8221;dark&#8221; overlay_alpha=&#8221;50&#8243; border_color=&#8221;color-xsdn&#8221; border_style=&#8221;dashed&#8221; shift_x=&#8221;0&#8243; shift_y=&#8221;0&#8243; shift_y_down=&#8221;0&#8243; z_index=&#8221;0&#8243; medium_width=&#8221;0&#8243; mobile_width=&#8221;0&#8243; width=&#8221;1\/2&#8243; uncode_shortcode_id=&#8221;606903&#8243; css=&#8221;.vc_custom_1648826943343{border-right-width: 1px !important;}&#8221; border_color_type=&#8221;uncode-palette&#8221;][vc_column_text text_lead=&#8221;yes&#8221; uncode_shortcode_id=&#8221;751331&#8243;]Ich f\u00fchlte mich sehr wohl bei Frau Park. Mit ihrer Unterst\u00fctzung definierte ich lange vor dem eigentlichen Neubau unseres Sanit\u00e4tshauses alle Aspekte der Raumplanung. Sie kennt die Spielregeln der Innenarchitektur genau und f\u00fchrt im ganzheitlichen Gestaltungsprozess alle Beteiligten im Sinne des Bauherrn. Jetzt befinden wir uns gerade in der Bauphase und ich habe ein sehr gutes Gef\u00fchl vorher alles Richtig gemacht zu haben.<\/p>\n<p><em>Richard G\u00f6ldner<\/em><br \/>\n<em><small>\u2014 Sanit\u00e4tshaus G\u00f6ldner \u00b7 Eggenfelden<\/small><\/em><\/p>\n<p>[\/vc_column_text][\/vc_column_inner][vc_column_inner column_width_percent=&#8221;100&#8243; gutter_size=&#8221;3&#8243; override_padding=&#8221;yes&#8221; column_padding=&#8221;3&#8243; style=&#8221;dark&#8221; overlay_alpha=&#8221;50&#8243; shift_x=&#8221;0&#8243; shift_y=&#8221;0&#8243; shift_y_down=&#8221;0&#8243; z_index=&#8221;0&#8243; medium_width=&#8221;0&#8243; mobile_width=&#8221;0&#8243; width=&#8221;1\/2&#8243; uncode_shortcode_id=&#8221;180217&#8243;][vc_column_text text_lead=&#8221;yes&#8221; uncode_shortcode_id=&#8221;189132&#8243;]Unser Umbau erforderte eine kreative Planung. Angefangen bei unterschiedlichen Bodenniveaus \u00fcber absolut schlechte Lichtverh\u00e4ltnisse. Die R\u00e4ume waren zun\u00e4chst nicht perfekt f\u00fcr ein Sanit\u00e4tshaus geeignet. Frau Park hat mit gro\u00dfer Erfahrung helle und absolut ansprechende R\u00e4ume daraus gemacht. Unsere Kunden wie auch die Mitarbeiter f\u00fchlen sich sehr wohl.<\/p>\n<p><em>Johannes Carstens<\/em><br \/>\n<em><small>\u2014 SC Sanit\u00e4tshaus Carstens GmbH \u00b7 Stuttgart<\/small><\/em><\/p>\n<p>[\/vc_column_text][\/vc_column_inner][\/vc_row_inner][\/vc_column][\/vc_row][vc_row unlock_row_content=&#8221;yes&#8221; row_height_percent=&#8221;0&#8243; override_padding=&#8221;yes&#8221; h_padding=&#8221;0&#8243; top_padding=&#8221;0&#8243; bottom_padding=&#8221;0&#8243; overlay_alpha=&#8221;50&#8243; gutter_size=&#8221;3&#8243; column_width_percent=&#8221;100&#8243; shift_y=&#8221;0&#8243; z_index=&#8221;0&#8243; uncode_shortcode_id=&#8221;163443&#8243;][vc_column width=&#8221;1\/1&#8243;][vc_raw_html]JTVCd3BzbCU1RA==[\/vc_raw_html][\/vc_column][\/vc_row]<\/p>\n<\/div>","protected":false},"excerpt":{"rendered":"<p>[vc_row row_height_percent=&#8221;0&#8243; override_padding=&#8221;yes&#8221; h_padding=&#8221;2&#8243; top_padding=&#8221;5&#8243; bottom_padding=&#8221;2&#8243; overlay_alpha=&#8221;50&#8243; gutter_size=&#8221;3&#8243; column_width_percent=&#8221;100&#8243; shift_y=&#8221;0&#8243; z_index=&#8221;0&#8243; uncode_shortcode_id=&#8221;744631&#8243;][vc_column column_width_use_pixel=&#8221;yes&#8221; gutter_size=&#8221;3&#8243; overlay_alpha=&#8221;50&#8243; shift_x=&#8221;0&#8243; shift_y=&#8221;0&#8243; shift_y_down=&#8221;0&#8243; z_index=&#8221;0&#8243; medium_width=&#8221;0&#8243; [&hellip;]<\/p>\n","protected":false},"author":1,"featured_media":0,"parent":0,"menu_order":0,"comment_status":"closed","ping_status":"closed","template":"","meta":{"footnotes":""},"class_list":["post-7378","page","type-page","status-publish","hentry"],"yoast_head":"<!-- This site is optimized with the Yoast SEO plugin v26.6 - https:\/\/yoast.com\/wordpress\/plugins\/seo\/ -->\n<title>About Us - PARKRAUM<\/title>\n<meta name=\"robots\" content=\"index, follow, max-snippet:-1, max-image-preview:large, max-video-preview:-1\" \/>\n<link rel=\"canonical\" href=\"https:\/\/park-raum.de\/en\/about-us\/\" \/>\n<meta property=\"og:locale\" content=\"en_US\" \/>\n<meta property=\"og:type\" content=\"article\" \/>\n<meta property=\"og:title\" content=\"About Us - PARKRAUM\" \/>\n<meta property=\"og:description\" content=\"[vc_row row_height_percent=&#8221;0&#8243; override_padding=&#8221;yes&#8221; h_padding=&#8221;2&#8243; top_padding=&#8221;5&#8243; bottom_padding=&#8221;2&#8243; overlay_alpha=&#8221;50&#8243; gutter_size=&#8221;3&#8243; column_width_percent=&#8221;100&#8243; shift_y=&#8221;0&#8243; z_index=&#8221;0&#8243; uncode_shortcode_id=&#8221;744631&#8243;][vc_column column_width_use_pixel=&#8221;yes&#8221; gutter_size=&#8221;3&#8243; overlay_alpha=&#8221;50&#8243; shift_x=&#8221;0&#8243; shift_y=&#8221;0&#8243; shift_y_down=&#8221;0&#8243; z_index=&#8221;0&#8243; medium_width=&#8221;0&#8243; [&hellip;]\" \/>\n<meta property=\"og:url\" content=\"https:\/\/park-raum.de\/en\/about-us\/\" \/>\n<meta property=\"og:site_name\" content=\"PARKRAUM\" \/>\n<meta property=\"article:modified_time\" content=\"2022-04-05T14:19:16+00:00\" \/>\n<meta name=\"twitter:card\" content=\"summary_large_image\" \/>\n<meta name=\"twitter:label1\" content=\"Est. reading time\" \/>\n\t<meta name=\"twitter:data1\" content=\"6 minutes\" \/>\n<script type=\"application\/ld+json\" class=\"yoast-schema-graph\">{\"@context\":\"https:\/\/schema.org\",\"@graph\":[{\"@type\":\"WebPage\",\"@id\":\"https:\/\/park-raum.de\/en\/about-us\/\",\"url\":\"https:\/\/park-raum.de\/en\/about-us\/\",\"name\":\"About Us - PARKRAUM\",\"isPartOf\":{\"@id\":\"https:\/\/park-raum.de\/en\/#website\"},\"datePublished\":\"2013-04-05T17:05:24+00:00\",\"dateModified\":\"2022-04-05T14:19:16+00:00\",\"breadcrumb\":{\"@id\":\"https:\/\/park-raum.de\/en\/about-us\/#breadcrumb\"},\"inLanguage\":\"en-US\",\"potentialAction\":[{\"@type\":\"ReadAction\",\"target\":[\"https:\/\/park-raum.de\/en\/about-us\/\"]}]},{\"@type\":\"BreadcrumbList\",\"@id\":\"https:\/\/park-raum.de\/en\/about-us\/#breadcrumb\",\"itemListElement\":[{\"@type\":\"ListItem\",\"position\":1,\"name\":\"Home\",\"item\":\"https:\/\/park-raum.de\/en\/\"},{\"@type\":\"ListItem\",\"position\":2,\"name\":\"About Us\"}]},{\"@type\":\"WebSite\",\"@id\":\"https:\/\/park-raum.de\/en\/#website\",\"url\":\"https:\/\/park-raum.de\/en\/\",\"name\":\"PARKRAUM\",\"description\":\"Konzepte &amp; Consulting\",\"publisher\":{\"@id\":\"https:\/\/park-raum.de\/en\/#organization\"},\"potentialAction\":[{\"@type\":\"SearchAction\",\"target\":{\"@type\":\"EntryPoint\",\"urlTemplate\":\"https:\/\/park-raum.de\/en\/?s={search_term_string}\"},\"query-input\":{\"@type\":\"PropertyValueSpecification\",\"valueRequired\":true,\"valueName\":\"search_term_string\"}}],\"inLanguage\":\"en-US\"},{\"@type\":\"Organization\",\"@id\":\"https:\/\/park-raum.de\/en\/#organization\",\"name\":\"PARKRAUM\",\"url\":\"https:\/\/park-raum.de\/en\/\",\"logo\":{\"@type\":\"ImageObject\",\"inLanguage\":\"en-US\",\"@id\":\"https:\/\/park-raum.de\/en\/#\/schema\/logo\/image\/\",\"url\":\"https:\/\/park-raum.de\/wp\/wp-content\/uploads\/parkraum-logo-01.png\",\"contentUrl\":\"https:\/\/park-raum.de\/wp\/wp-content\/uploads\/parkraum-logo-01.png\",\"width\":250,\"height\":42,\"caption\":\"PARKRAUM\"},\"image\":{\"@id\":\"https:\/\/park-raum.de\/en\/#\/schema\/logo\/image\/\"}}]}<\/script>\n<!-- \/ Yoast SEO plugin. -->","yoast_head_json":{"title":"About Us - PARKRAUM","robots":{"index":"index","follow":"follow","max-snippet":"max-snippet:-1","max-image-preview":"max-image-preview:large","max-video-preview":"max-video-preview:-1"},"canonical":"https:\/\/park-raum.de\/en\/about-us\/","og_locale":"en_US","og_type":"article","og_title":"About Us - PARKRAUM","og_description":"[vc_row row_height_percent=&#8221;0&#8243; override_padding=&#8221;yes&#8221; h_padding=&#8221;2&#8243; top_padding=&#8221;5&#8243; bottom_padding=&#8221;2&#8243; overlay_alpha=&#8221;50&#8243; gutter_size=&#8221;3&#8243; column_width_percent=&#8221;100&#8243; shift_y=&#8221;0&#8243; z_index=&#8221;0&#8243; uncode_shortcode_id=&#8221;744631&#8243;][vc_column column_width_use_pixel=&#8221;yes&#8221; gutter_size=&#8221;3&#8243; overlay_alpha=&#8221;50&#8243; shift_x=&#8221;0&#8243; shift_y=&#8221;0&#8243; shift_y_down=&#8221;0&#8243; z_index=&#8221;0&#8243; medium_width=&#8221;0&#8243; [&hellip;]","og_url":"https:\/\/park-raum.de\/en\/about-us\/","og_site_name":"PARKRAUM","article_modified_time":"2022-04-05T14:19:16+00:00","twitter_card":"summary_large_image","twitter_misc":{"Est. reading time":"6 minutes"},"schema":{"@context":"https:\/\/schema.org","@graph":[{"@type":"WebPage","@id":"https:\/\/park-raum.de\/en\/about-us\/","url":"https:\/\/park-raum.de\/en\/about-us\/","name":"About Us - PARKRAUM","isPartOf":{"@id":"https:\/\/park-raum.de\/en\/#website"},"datePublished":"2013-04-05T17:05:24+00:00","dateModified":"2022-04-05T14:19:16+00:00","breadcrumb":{"@id":"https:\/\/park-raum.de\/en\/about-us\/#breadcrumb"},"inLanguage":"en-US","potentialAction":[{"@type":"ReadAction","target":["https:\/\/park-raum.de\/en\/about-us\/"]}]},{"@type":"BreadcrumbList","@id":"https:\/\/park-raum.de\/en\/about-us\/#breadcrumb","itemListElement":[{"@type":"ListItem","position":1,"name":"Home","item":"https:\/\/park-raum.de\/en\/"},{"@type":"ListItem","position":2,"name":"About Us"}]},{"@type":"WebSite","@id":"https:\/\/park-raum.de\/en\/#website","url":"https:\/\/park-raum.de\/en\/","name":"PARKRAUM","description":"Konzepte &amp; Consulting","publisher":{"@id":"https:\/\/park-raum.de\/en\/#organization"},"potentialAction":[{"@type":"SearchAction","target":{"@type":"EntryPoint","urlTemplate":"https:\/\/park-raum.de\/en\/?s={search_term_string}"},"query-input":{"@type":"PropertyValueSpecification","valueRequired":true,"valueName":"search_term_string"}}],"inLanguage":"en-US"},{"@type":"Organization","@id":"https:\/\/park-raum.de\/en\/#organization","name":"PARKRAUM","url":"https:\/\/park-raum.de\/en\/","logo":{"@type":"ImageObject","inLanguage":"en-US","@id":"https:\/\/park-raum.de\/en\/#\/schema\/logo\/image\/","url":"https:\/\/park-raum.de\/wp\/wp-content\/uploads\/parkraum-logo-01.png","contentUrl":"https:\/\/park-raum.de\/wp\/wp-content\/uploads\/parkraum-logo-01.png","width":250,"height":42,"caption":"PARKRAUM"},"image":{"@id":"https:\/\/park-raum.de\/en\/#\/schema\/logo\/image\/"}}]}},"_links":{"self":[{"href":"https:\/\/park-raum.de\/en\/wp-json\/wp\/v2\/pages\/7378","targetHints":{"allow":["GET"]}}],"collection":[{"href":"https:\/\/park-raum.de\/en\/wp-json\/wp\/v2\/pages"}],"about":[{"href":"https:\/\/park-raum.de\/en\/wp-json\/wp\/v2\/types\/page"}],"author":[{"embeddable":true,"href":"https:\/\/park-raum.de\/en\/wp-json\/wp\/v2\/users\/1"}],"replies":[{"embeddable":true,"href":"https:\/\/park-raum.de\/en\/wp-json\/wp\/v2\/comments?post=7378"}],"version-history":[{"count":12,"href":"https:\/\/park-raum.de\/en\/wp-json\/wp\/v2\/pages\/7378\/revisions"}],"predecessor-version":[{"id":7973,"href":"https:\/\/park-raum.de\/en\/wp-json\/wp\/v2\/pages\/7378\/revisions\/7973"}],"wp:attachment":[{"href":"https:\/\/park-raum.de\/en\/wp-json\/wp\/v2\/media?parent=7378"}],"curies":[{"name":"wp","href":"https:\/\/api.w.org\/{rel}","templated":true}]}}